{"id":14,"date":"2025-11-27T12:03:09","date_gmt":"2025-11-27T12:03:09","guid":{"rendered":"https:\/\/jisoo.id.vn\/?page_id=14"},"modified":"2025-11-28T07:46:12","modified_gmt":"2025-11-28T07:46:12","slug":"about","status":"publish","type":"page","link":"https:\/\/jisoo.id.vn\/index.php\/about\/","title":{"rendered":"About Us"},"content":{"rendered":"\n<p>Ch\u00e0o m\u1eebng b\u1ea1n \u0111\u1ebfn v\u1edbi <em>Let Him Cook<\/em> \u2013 g\u00f3c b\u1ebfp nh\u1ecf d\u00e0nh cho nh\u1eefng ai y\u00eau \u1ea9m th\u1ef1c Vi\u1ec7t v\u00e0 th\u00edch t\u1ef1 tay n\u1ea5u nh\u1eefng m\u00f3n \u0103n \u0111\u1eadm \u0111\u00e0, d\u1ec5 l\u00e0m ngay t\u1ea1i nh\u00e0.<\/p>\n\n\n\n<div class=\"wp-block-columns alignwide are-vertically-aligned-center is-layout-flex wp-container-core-columns-is-layout-9d6595d7 wp-block-columns-is-layout-flex\">\n<div class=\"wp-block-column is-vertically-aligned-center is-layout-flow wp-block-column-is-layout-flow\">\n<h2 class=\"wp-block-heading\"><strong>Ch\u00fang t\u00f4i l\u00e0 ai?<\/strong><\/h2>\n\n\n\n<p><em>Let Him Cook<\/em> \u0111\u01b0\u1ee3c t\u1ea1o ra b\u1edfi nh\u1eefng ng\u01b0\u1eddi y\u00eau n\u1ea5u \u0103n, l\u1edbn l\u00ean c\u00f9ng m\u00e2m c\u01a1m gia \u0111\u00ecnh Vi\u1ec7t. Ch\u00fang t\u00f4i kh\u00f4ng ph\u1ea3i \u0111\u1ea7u b\u1ebfp chuy\u00ean nghi\u1ec7p, m\u00e0 l\u00e0 nh\u1eefng \u201c\u0111\u1ea7u b\u1ebfp t\u1ea1i gia\u201d lu\u00f4n mu\u1ed1n gi\u1eef l\u1ea1i h\u01b0\u01a1ng v\u1ecb b\u1eefa c\u01a1m nh\u00e0, r\u1ed3i chia s\u1ebb l\u1ea1i m\u1ed9t c\u00e1ch \u0111\u01a1n gi\u1ea3n, d\u1ec5 hi\u1ec3u nh\u1ea5t.<br><\/p>\n<\/div>\n\n\n\n<div class=\"wp-block-column is-vertically-aligned-center is-layout-flow wp-block-column-is-layout-flow\">\n<figure class=\"wp-block-image size-full is-resized\"><img loading=\"lazy\" decoding=\"async\" width=\"512\" height=\"640\" src=\"https:\/\/jisoo.id.vn\/wp-content\/uploads\/2025\/11\/01a4c5a8a692f4a15e0c66b2a3ee9ee8-1.jpg\" alt=\"\" class=\"wp-image-138\" style=\"width:545px;height:auto\" srcset=\"https:\/\/jisoo.id.vn\/wp-content\/uploads\/2025\/11\/01a4c5a8a692f4a15e0c66b2a3ee9ee8-1.jpg 512w, https:\/\/jisoo.id.vn\/wp-content\/uploads\/2025\/11\/01a4c5a8a692f4a15e0c66b2a3ee9ee8-1-240x300.jpg 240w\" sizes=\"auto, (max-width: 512px) 100vw, 512px\" \/><\/figure>\n<\/div>\n<\/div>\n\n\n\n<div class=\"wp-block-columns alignwide are-vertically-aligned-center is-layout-flex wp-container-core-columns-is-layout-9d6595d7 wp-block-columns-is-layout-flex\">\n<div class=\"wp-block-column is-vertically-aligned-center is-layout-flow wp-block-column-is-layout-flow\"><div class=\"wp-block-image\">\n<figure class=\"aligncenter size-large\"><img loading=\"lazy\" decoding=\"async\" width=\"683\" height=\"1024\" src=\"https:\/\/jisoo.id.vn\/wp-content\/uploads\/2025\/11\/f2bb49eaf96afedf59f39fc508650364-683x1024.jpg\" alt=\"\" class=\"wp-image-132\" srcset=\"https:\/\/jisoo.id.vn\/wp-content\/uploads\/2025\/11\/f2bb49eaf96afedf59f39fc508650364-683x1024.jpg 683w, https:\/\/jisoo.id.vn\/wp-content\/uploads\/2025\/11\/f2bb49eaf96afedf59f39fc508650364-200x300.jpg 200w, https:\/\/jisoo.id.vn\/wp-content\/uploads\/2025\/11\/f2bb49eaf96afedf59f39fc508650364-768x1152.jpg 768w, https:\/\/jisoo.id.vn\/wp-content\/uploads\/2025\/11\/f2bb49eaf96afedf59f39fc508650364-750x1125.jpg 750w, https:\/\/jisoo.id.vn\/wp-content\/uploads\/2025\/11\/f2bb49eaf96afedf59f39fc508650364.jpg 800w\" sizes=\"auto, (max-width: 683px) 100vw, 683px\" \/><\/figure>\n<\/div><\/div>\n\n\n\n<div class=\"wp-block-column is-vertically-aligned-center is-layout-flow wp-block-column-is-layout-flow\">\n<h2 class=\"wp-block-heading\"><strong>V\u00ec sao Let Him Cook ra \u0111\u1eddi?<\/strong><\/h2>\n\n\n\n<p>Trong nh\u1ecbp s\u1ed1ng b\u1eadn r\u1ed9n, nhi\u1ec1u ng\u01b0\u1eddi kh\u00f4ng c\u00f3 nhi\u1ec1u th\u1eddi gian n\u1ea5u n\u01b0\u1edbng, ho\u1eb7c \u201cb\u00ed\u201d m\u00f3n m\u1ed7i khi ngh\u0129 \u0111\u1ebfn chuy\u1ec7n v\u00e0o b\u1ebfp.<em> Let Him Cook<\/em> ra \u0111\u1eddi \u0111\u1ec3:<\/p>\n\n\n\n<ul class=\"wp-block-list\">\n<li>Gi\u00fap b\u1ea1n n\u1ea5u \u0111\u01b0\u1ee3c m\u00f3n ngon v\u1edbi h\u01b0\u1edbng d\u1eabn chi ti\u1ebft, d\u1ec5 l\u00e0m.<\/li>\n\n\n\n<li>G\u1ee3i \u00fd th\u1ef1c \u0111\u01a1n h\u00e0ng ng\u00e0y, ti\u1ebft ki\u1ec7m th\u1eddi gian ngh\u0129 m\u00f3n.<\/li>\n\n\n\n<li>Gi\u1eef g\u00ecn v\u00e0 lan t\u1ecfa h\u01b0\u01a1ng v\u1ecb \u1ea9m th\u1ef1c Vi\u1ec7t \u0111\u1ebfn nhi\u1ec1u ng\u01b0\u1eddi h\u01a1n.<\/li>\n<\/ul>\n<\/div>\n<\/div>\n\n\n\n<div class=\"wp-block-columns alignwide are-vertically-aligned-center is-layout-flex wp-container-core-columns-is-layout-9d6595d7 wp-block-columns-is-layout-flex\">\n<div class=\"wp-block-column is-vertically-aligned-center is-layout-flow wp-block-column-is-layout-flow\">\n<h2 class=\"wp-block-heading\"><strong>Ch\u00fang t\u00f4i mang \u0111\u1ebfn g\u00ec cho b\u1ea1n?<\/strong><\/h2>\n\n\n\n<p>T\u1ea1i <em>Let Him Cook,<\/em> b\u1ea1n s\u1ebd t\u00ecm th\u1ea5y:<\/p>\n\n\n\n<ul class=\"wp-block-list\">\n<li>C\u00f4ng th\u1ee9c m\u00f3n Vi\u1ec7t t\u1eeb d\u00e2n d\u00e3 \u0111\u1ebfn \u201c\u0111\u00e3i ti\u1ec7c\u201d, c\u00f3 \u0111\u1ecbnh l\u01b0\u1ee3ng r\u00f5 r\u00e0ng.<\/li>\n\n\n\n<li>M\u1eb9o ch\u1ecdn nguy\u00ean li\u1ec7u, s\u01a1 ch\u1ebf, b\u1ea3o qu\u1ea3n \u0111\u1ed3 \u0103n.<\/li>\n\n\n\n<li>G\u1ee3i \u00fd th\u1eddi gian n\u1ea5u, kh\u1ea9u ph\u1ea7n v\u00e0 \u01b0\u1edbc l\u01b0\u1ee3ng calories cho t\u1eebng m\u00f3n (khi c\u00f3 th\u1ec3), gi\u00fap b\u1ea1n ch\u1ee7 \u0111\u1ed9ng h\u01a1n trong vi\u1ec7c \u0103n u\u1ed1ng l\u00e0nh m\u1ea1nh.<\/li>\n\n\n\n<li>M\u1ed9t s\u1ed1 c\u00f4ng th\u1ee9c bi\u1ebfn t\u1ea5u, ph\u00f9 h\u1ee3p v\u1edbi ng\u01b0\u1eddi b\u1eadn r\u1ed9n ho\u1eb7c \u0103n \u00edt d\u1ea7u m\u1ee1.<\/li>\n<\/ul>\n<\/div>\n\n\n\n<div class=\"wp-block-column is-vertically-aligned-center is-layout-flow wp-block-column-is-layout-flow\">\n<figure class=\"wp-block-image size-large\"><img loading=\"lazy\" decoding=\"async\" width=\"819\" height=\"1024\" src=\"https:\/\/jisoo.id.vn\/wp-content\/uploads\/2025\/11\/13a8b6277659400dff429ee8bcccabd2-819x1024.jpg\" alt=\"\" class=\"wp-image-133\" srcset=\"https:\/\/jisoo.id.vn\/wp-content\/uploads\/2025\/11\/13a8b6277659400dff429ee8bcccabd2-819x1024.jpg 819w, https:\/\/jisoo.id.vn\/wp-content\/uploads\/2025\/11\/13a8b6277659400dff429ee8bcccabd2-240x300.jpg 240w, https:\/\/jisoo.id.vn\/wp-content\/uploads\/2025\/11\/13a8b6277659400dff429ee8bcccabd2-768x960.jpg 768w, https:\/\/jisoo.id.vn\/wp-content\/uploads\/2025\/11\/13a8b6277659400dff429ee8bcccabd2-750x938.jpg 750w, https:\/\/jisoo.id.vn\/wp-content\/uploads\/2025\/11\/13a8b6277659400dff429ee8bcccabd2.jpg 1080w\" sizes=\"auto, (max-width: 819px) 100vw, 819px\" \/><\/figure>\n<\/div>\n<\/div>\n\n\n\n<div class=\"wp-block-columns alignwide are-vertically-aligned-center is-layout-flex wp-container-core-columns-is-layout-9d6595d7 wp-block-columns-is-layout-flex\">\n<div class=\"wp-block-column is-vertically-aligned-center is-layout-flow wp-block-column-is-layout-flow\">\n<figure class=\"wp-block-image size-full\"><img loading=\"lazy\" decoding=\"async\" width=\"660\" height=\"825\" src=\"https:\/\/jisoo.id.vn\/wp-content\/uploads\/2025\/11\/e95bc88e34d82be9a464fafca3f8cb41.jpg\" alt=\"\" class=\"wp-image-134\" srcset=\"https:\/\/jisoo.id.vn\/wp-content\/uploads\/2025\/11\/e95bc88e34d82be9a464fafca3f8cb41.jpg 660w, https:\/\/jisoo.id.vn\/wp-content\/uploads\/2025\/11\/e95bc88e34d82be9a464fafca3f8cb41-240x300.jpg 240w\" sizes=\"auto, (max-width: 660px) 100vw, 660px\" \/><\/figure>\n<\/div>\n\n\n\n<div class=\"wp-block-column is-vertically-aligned-center is-layout-flow wp-block-column-is-layout-flow\">\n<h2 class=\"wp-block-heading\"><strong>Phong c\u00e1ch n\u1ea5u \u0103n c\u1ee7a Let Him Cook<\/strong><\/h2>\n\n\n\n<p>Nguy\u00ean li\u1ec7u d\u1ec5 ki\u1ebfm, \u01b0u ti\u00ean nh\u1eefng th\u1ee9 c\u00f3 s\u1eb5n \u1edf ch\u1ee3, si\u00eau th\u1ecb.<\/p>\n\n\n\n<p>C\u00e1ch l\u00e0m r\u00f5 r\u00e0ng, kh\u00f4ng \u201cgi\u1ea5u ngh\u1ec1\u201d, ai m\u1edbi v\u00e0o b\u1ebfp c\u0169ng l\u00e0m theo \u0111\u01b0\u1ee3c.<\/p>\n\n\n\n<p>H\u1ea1n ch\u1ebf l\u1ea1m d\u1ee5ng ph\u1ee5 gia, \u01b0u ti\u00ean v\u1ecb t\u1ef1 nhi\u00ean c\u1ee7a th\u1ef1c ph\u1ea9m.<\/p>\n\n\n\n<p>H\u00ecnh \u1ea3nh m\u00f3n \u0103n th\u1eadt, n\u1ea5u trong ch\u00ednh c\u0103n b\u1ebfp gia \u0111\u00ecnh.<\/p>\n<\/div>\n<\/div>\n","protected":false},"excerpt":{"rendered":"<p>Ch\u00e0o m\u1eebng b\u1ea1n \u0111\u1ebfn v\u1edbi Let Him Cook \u2013 g\u00f3c b\u1ebfp nh\u1ecf d\u00e0nh cho nh\u1eefng ai y\u00eau \u1ea9m th\u1ef1c Vi\u1ec7t v\u00e0 th\u00edch t\u1ef1 tay n\u1ea5u nh\u1eefng m\u00f3n \u0103n \u0111\u1eadm \u0111\u00e0, d\u1ec5 l\u00e0m ngay t\u1ea1i nh\u00e0. Ch\u00fang t\u00f4i l\u00e0 ai? Let Him Cook \u0111\u01b0\u1ee3c t\u1ea1o ra&nbsp;<a class=\"read-more\" href=\"https:\/\/jisoo.id.vn\/index.php\/about\/\">&hellip;<\/a><\/p>\n","protected":false},"author":1,"featured_media":0,"parent":0,"menu_order":0,"comment_status":"closed","ping_status":"closed","template":"","meta":{"_acf_changed":false,"footnotes":""},"class_list":["post-14","page","type-page","status-publish","hentry"],"acf":[],"yoast_head":"<!-- This site is optimized with the Yoast SEO plugin v26.4 - https:\/\/yoast.com\/wordpress\/plugins\/seo\/ -->\n<title>About Us - Let Him cook<\/title>\n<meta name=\"robots\" content=\"index, follow, max-snippet:-1, max-image-preview:large, max-video-preview:-1\" \/>\n<link rel=\"canonical\" href=\"https:\/\/jisoo.id.vn\/index.php\/about\/\" \/>\n<meta property=\"og:locale\" content=\"en_US\" \/>\n<meta property=\"og:type\" content=\"article\" \/>\n<meta property=\"og:title\" content=\"About Us - Let Him cook\" \/>\n<meta property=\"og:description\" content=\"Ch\u00e0o m\u1eebng b\u1ea1n \u0111\u1ebfn v\u1edbi Let Him Cook \u2013 g\u00f3c b\u1ebfp nh\u1ecf d\u00e0nh cho nh\u1eefng ai y\u00eau \u1ea9m th\u1ef1c Vi\u1ec7t v\u00e0 th\u00edch t\u1ef1 tay n\u1ea5u nh\u1eefng m\u00f3n \u0103n \u0111\u1eadm \u0111\u00e0, d\u1ec5 l\u00e0m ngay t\u1ea1i nh\u00e0. Ch\u00fang t\u00f4i l\u00e0 ai? Let Him Cook \u0111\u01b0\u1ee3c t\u1ea1o ra&nbsp;&hellip;\" \/>\n<meta property=\"og:url\" content=\"https:\/\/jisoo.id.vn\/index.php\/about\/\" \/>\n<meta property=\"og:site_name\" content=\"Let Him cook\" \/>\n<meta property=\"article:modified_time\" content=\"2025-11-28T07:46:12+00:00\" \/>\n<meta property=\"og:image\" content=\"https:\/\/jisoo.id.vn\/wp-content\/uploads\/2025\/11\/01a4c5a8a692f4a15e0c66b2a3ee9ee8-1.jpg\" \/>\n<meta name=\"twitter:card\" content=\"summary_large_image\" \/>\n<meta name=\"twitter:label1\" content=\"Est. reading time\" \/>\n\t<meta name=\"twitter:data1\" content=\"2 minutes\" \/>\n<script type=\"application\/ld+json\" class=\"yoast-schema-graph\">{\"@context\":\"https:\/\/schema.org\",\"@graph\":[{\"@type\":\"WebPage\",\"@id\":\"https:\/\/jisoo.id.vn\/index.php\/about\/\",\"url\":\"https:\/\/jisoo.id.vn\/index.php\/about\/\",\"name\":\"About Us - Let Him cook\",\"isPartOf\":{\"@id\":\"https:\/\/jisoo.id.vn\/#website\"},\"primaryImageOfPage\":{\"@id\":\"https:\/\/jisoo.id.vn\/index.php\/about\/#primaryimage\"},\"image\":{\"@id\":\"https:\/\/jisoo.id.vn\/index.php\/about\/#primaryimage\"},\"thumbnailUrl\":\"https:\/\/jisoo.id.vn\/wp-content\/uploads\/2025\/11\/01a4c5a8a692f4a15e0c66b2a3ee9ee8-1.jpg\",\"datePublished\":\"2025-11-27T12:03:09+00:00\",\"dateModified\":\"2025-11-28T07:46:12+00:00\",\"breadcrumb\":{\"@id\":\"https:\/\/jisoo.id.vn\/index.php\/about\/#breadcrumb\"},\"inLanguage\":\"en-US\",\"potentialAction\":[{\"@type\":\"ReadAction\",\"target\":[\"https:\/\/jisoo.id.vn\/index.php\/about\/\"]}]},{\"@type\":\"ImageObject\",\"inLanguage\":\"en-US\",\"@id\":\"https:\/\/jisoo.id.vn\/index.php\/about\/#primaryimage\",\"url\":\"https:\/\/jisoo.id.vn\/wp-content\/uploads\/2025\/11\/01a4c5a8a692f4a15e0c66b2a3ee9ee8-1.jpg\",\"contentUrl\":\"https:\/\/jisoo.id.vn\/wp-content\/uploads\/2025\/11\/01a4c5a8a692f4a15e0c66b2a3ee9ee8-1.jpg\",\"width\":512,\"height\":640},{\"@type\":\"BreadcrumbList\",\"@id\":\"https:\/\/jisoo.id.vn\/index.php\/about\/#breadcrumb\",\"itemListElement\":[{\"@type\":\"ListItem\",\"position\":1,\"name\":\"Home\",\"item\":\"https:\/\/jisoo.id.vn\/\"},{\"@type\":\"ListItem\",\"position\":2,\"name\":\"About Us\"}]},{\"@type\":\"WebSite\",\"@id\":\"https:\/\/jisoo.id.vn\/#website\",\"url\":\"https:\/\/jisoo.id.vn\/\",\"name\":\"Let Him cook\",\"description\":\"\",\"potentialAction\":[{\"@type\":\"SearchAction\",\"target\":{\"@type\":\"EntryPoint\",\"urlTemplate\":\"https:\/\/jisoo.id.vn\/?s={search_term_string}\"},\"query-input\":{\"@type\":\"PropertyValueSpecification\",\"valueRequired\":true,\"valueName\":\"search_term_string\"}}],\"inLanguage\":\"en-US\"}]}<\/script>\n<!-- \/ Yoast SEO plugin. -->","yoast_head_json":{"title":"About Us - Let Him cook","robots":{"index":"index","follow":"follow","max-snippet":"max-snippet:-1","max-image-preview":"max-image-preview:large","max-video-preview":"max-video-preview:-1"},"canonical":"https:\/\/jisoo.id.vn\/index.php\/about\/","og_locale":"en_US","og_type":"article","og_title":"About Us - Let Him cook","og_description":"Ch\u00e0o m\u1eebng b\u1ea1n \u0111\u1ebfn v\u1edbi Let Him Cook \u2013 g\u00f3c b\u1ebfp nh\u1ecf d\u00e0nh cho nh\u1eefng ai y\u00eau \u1ea9m th\u1ef1c Vi\u1ec7t v\u00e0 th\u00edch t\u1ef1 tay n\u1ea5u nh\u1eefng m\u00f3n \u0103n \u0111\u1eadm \u0111\u00e0, d\u1ec5 l\u00e0m ngay t\u1ea1i nh\u00e0. Ch\u00fang t\u00f4i l\u00e0 ai? Let Him Cook \u0111\u01b0\u1ee3c t\u1ea1o ra&nbsp;&hellip;","og_url":"https:\/\/jisoo.id.vn\/index.php\/about\/","og_site_name":"Let Him cook","article_modified_time":"2025-11-28T07:46:12+00:00","og_image":[{"url":"https:\/\/jisoo.id.vn\/wp-content\/uploads\/2025\/11\/01a4c5a8a692f4a15e0c66b2a3ee9ee8-1.jpg","type":"","width":"","height":""}],"twitter_card":"summary_large_image","twitter_misc":{"Est. reading time":"2 minutes"},"schema":{"@context":"https:\/\/schema.org","@graph":[{"@type":"WebPage","@id":"https:\/\/jisoo.id.vn\/index.php\/about\/","url":"https:\/\/jisoo.id.vn\/index.php\/about\/","name":"About Us - Let Him cook","isPartOf":{"@id":"https:\/\/jisoo.id.vn\/#website"},"primaryImageOfPage":{"@id":"https:\/\/jisoo.id.vn\/index.php\/about\/#primaryimage"},"image":{"@id":"https:\/\/jisoo.id.vn\/index.php\/about\/#primaryimage"},"thumbnailUrl":"https:\/\/jisoo.id.vn\/wp-content\/uploads\/2025\/11\/01a4c5a8a692f4a15e0c66b2a3ee9ee8-1.jpg","datePublished":"2025-11-27T12:03:09+00:00","dateModified":"2025-11-28T07:46:12+00:00","breadcrumb":{"@id":"https:\/\/jisoo.id.vn\/index.php\/about\/#breadcrumb"},"inLanguage":"en-US","potentialAction":[{"@type":"ReadAction","target":["https:\/\/jisoo.id.vn\/index.php\/about\/"]}]},{"@type":"ImageObject","inLanguage":"en-US","@id":"https:\/\/jisoo.id.vn\/index.php\/about\/#primaryimage","url":"https:\/\/jisoo.id.vn\/wp-content\/uploads\/2025\/11\/01a4c5a8a692f4a15e0c66b2a3ee9ee8-1.jpg","contentUrl":"https:\/\/jisoo.id.vn\/wp-content\/uploads\/2025\/11\/01a4c5a8a692f4a15e0c66b2a3ee9ee8-1.jpg","width":512,"height":640},{"@type":"BreadcrumbList","@id":"https:\/\/jisoo.id.vn\/index.php\/about\/#breadcrumb","itemListElement":[{"@type":"ListItem","position":1,"name":"Home","item":"https:\/\/jisoo.id.vn\/"},{"@type":"ListItem","position":2,"name":"About Us"}]},{"@type":"WebSite","@id":"https:\/\/jisoo.id.vn\/#website","url":"https:\/\/jisoo.id.vn\/","name":"Let Him cook","description":"","potentialAction":[{"@type":"SearchAction","target":{"@type":"EntryPoint","urlTemplate":"https:\/\/jisoo.id.vn\/?s={search_term_string}"},"query-input":{"@type":"PropertyValueSpecification","valueRequired":true,"valueName":"search_term_string"}}],"inLanguage":"en-US"}]}},"_links":{"self":[{"href":"https:\/\/jisoo.id.vn\/index.php\/wp-json\/wp\/v2\/pages\/14","targetHints":{"allow":["GET"]}}],"collection":[{"href":"https:\/\/jisoo.id.vn\/index.php\/wp-json\/wp\/v2\/pages"}],"about":[{"href":"https:\/\/jisoo.id.vn\/index.php\/wp-json\/wp\/v2\/types\/page"}],"author":[{"embeddable":true,"href":"https:\/\/jisoo.id.vn\/index.php\/wp-json\/wp\/v2\/users\/1"}],"replies":[{"embeddable":true,"href":"https:\/\/jisoo.id.vn\/index.php\/wp-json\/wp\/v2\/comments?post=14"}],"version-history":[{"count":8,"href":"https:\/\/jisoo.id.vn\/index.php\/wp-json\/wp\/v2\/pages\/14\/revisions"}],"predecessor-version":[{"id":155,"href":"https:\/\/jisoo.id.vn\/index.php\/wp-json\/wp\/v2\/pages\/14\/revisions\/155"}],"wp:attachment":[{"href":"https:\/\/jisoo.id.vn\/index.php\/wp-json\/wp\/v2\/media?parent=14"}],"curies":[{"name":"wp","href":"https:\/\/api.w.org\/{rel}","templated":true}]}}