{"id":8,"date":"2025-11-27T12:00:03","date_gmt":"2025-11-27T12:00:03","guid":{"rendered":"https:\/\/jisoo.id.vn\/?page_id=8"},"modified":"2025-11-29T03:11:35","modified_gmt":"2025-11-29T03:11:35","slug":"home","status":"publish","type":"page","link":"https:\/\/jisoo.id.vn\/","title":{"rendered":"Home"},"content":{"rendered":"\n<div class=\"wp-block-group is-content-justification-center\"><div class=\"wp-block-group__inner-container is-layout-constrained wp-block-group-is-layout-constrained\">\n<div class=\"wp-block-columns are-vertically-aligned-center is-layout-flex wp-container-core-columns-is-layout-9d6595d7 wp-block-columns-is-layout-flex\">\n<div class=\"wp-block-column is-vertically-aligned-center is-layout-flow wp-block-column-is-layout-flow\" style=\"flex-basis:33.33%\">\n<h2 class=\"wp-block-heading\">Mang H\u01b0\u01a1ng V\u1ecb \u0110\u1ebfn T\u1eebng B\u1eefa \u0102n<\/h2>\n\n\n\n<p>Chia s\u1ebb nh\u1eefng c\u00f4ng th\u1ee9c n\u1ea5u \u0103n \u0111\u01a1n gi\u1ea3n, ngon mi\u1ec7ng v\u00e0 \u0111\u1ea7y c\u1ea3m h\u1ee9ng \u0111\u1ec3 bi\u1ebfn m\u1ed7i b\u1eefa \u0103n th\u00e0nh ni\u1ec1m vui trong gia \u0111\u00ecnh.<\/p>\n\n\n\n<div class=\"wp-block-buttons is-layout-flex wp-block-buttons-is-layout-flex\">\n<div class=\"wp-block-button\"><a class=\"wp-block-button__link wp-element-button\">Let him cook<\/a><\/div>\n<\/div>\n<\/div>\n\n\n\n<div class=\"wp-block-column is-vertically-aligned-center is-layout-flow wp-block-column-is-layout-flow\" style=\"flex-basis:66.66%\">\n<div class=\"wp-block-columns is-layout-flex wp-container-core-columns-is-layout-9d6595d7 wp-block-columns-is-layout-flex\">\n<div class=\"wp-block-column is-layout-flow wp-block-column-is-layout-flow\" style=\"flex-basis:100%\">\n<figure class=\"wp-block-image size-full is-style-default\"><img loading=\"lazy\" decoding=\"async\" width=\"1000\" height=\"707\" src=\"https:\/\/jisoo.id.vn\/wp-content\/uploads\/2025\/11\/1000_F_191237458_VOZ5VQsiodjFQD2I6uoN3D6DRXHW5ptQ.jpg\" alt=\"\" class=\"wp-image-179\" srcset=\"https:\/\/jisoo.id.vn\/wp-content\/uploads\/2025\/11\/1000_F_191237458_VOZ5VQsiodjFQD2I6uoN3D6DRXHW5ptQ.jpg 1000w, https:\/\/jisoo.id.vn\/wp-content\/uploads\/2025\/11\/1000_F_191237458_VOZ5VQsiodjFQD2I6uoN3D6DRXHW5ptQ-300x212.jpg 300w, https:\/\/jisoo.id.vn\/wp-content\/uploads\/2025\/11\/1000_F_191237458_VOZ5VQsiodjFQD2I6uoN3D6DRXHW5ptQ-768x543.jpg 768w, https:\/\/jisoo.id.vn\/wp-content\/uploads\/2025\/11\/1000_F_191237458_VOZ5VQsiodjFQD2I6uoN3D6DRXHW5ptQ-750x530.jpg 750w\" sizes=\"auto, (max-width: 1000px) 100vw, 1000px\" \/><\/figure>\n<\/div>\n<\/div>\n<\/div>\n<\/div>\n<\/div><\/div>\n\n\n\n<div style=\"height:74px\" aria-hidden=\"true\" class=\"wp-block-spacer\"><\/div>\n\n\n\n<hr class=\"wp-block-separator has-alpha-channel-opacity is-style-wide\"\/>\n\n\n\n<div class=\"wp-block-columns is-layout-flex wp-container-core-columns-is-layout-9d6595d7 wp-block-columns-is-layout-flex\">\n<div class=\"wp-block-column is-layout-flow wp-block-column-is-layout-flow\">\n<h1 class=\"wp-block-heading has-text-align-center\"><strong>Ph\u1ed5 bi\u1ebfn<\/strong><\/h1>\n<\/div>\n<\/div>\n\n\n<ul style=\"padding-right:var(--wp--preset--spacing--80);padding-left:var(--wp--preset--spacing--80);\" class=\"wp-block-latest-posts__list is-grid columns-3 has-dates wp-block-latest-posts\"><li><div class=\"wp-block-latest-posts__featured-image aligncenter\"><img loading=\"lazy\" decoding=\"async\" width=\"150\" height=\"150\" src=\"https:\/\/jisoo.id.vn\/wp-content\/uploads\/2025\/11\/cach-lam-muc-xao-dua-hanh-tay-can-tay-gion-san-sat-khong-bi-tanh-cach-lam-muc-xao-dua-eva-013-1688356198-520-width597height422-150x150.jpg\" class=\"attachment-thumbnail size-thumbnail wp-post-image\" alt=\"M\u1ef1c x\u00e0o c\u1ea7n t\u00e2y gi\u00f2n ngon\" style=\"max-width:160px;max-height:160px;\" \/><\/div><a class=\"wp-block-latest-posts__post-title\" href=\"https:\/\/jisoo.id.vn\/index.php\/2025\/11\/28\/muc-xao-hanh-can\/\">M\u1ef1c x\u00e0o c\u1ea7n t\u00e2y<\/a><time datetime=\"2025-11-28T15:29:02+00:00\" class=\"wp-block-latest-posts__post-date\">November 28, 2025<\/time><\/li>\n<li><div class=\"wp-block-latest-posts__featured-image aligncenter\"><img loading=\"lazy\" decoding=\"async\" width=\"150\" height=\"150\" src=\"https:\/\/jisoo.id.vn\/wp-content\/uploads\/2025\/11\/canh_cua_rau_mong_toi_muop_5395009158-150x150.webp\" class=\"attachment-thumbnail size-thumbnail wp-post-image\" alt=\"Canh cua rau \u0111ay m\u1ed3ng t\u01a1i\" style=\"max-width:160px;max-height:160px;\" srcset=\"https:\/\/jisoo.id.vn\/wp-content\/uploads\/2025\/11\/canh_cua_rau_mong_toi_muop_5395009158-150x150.webp 150w, https:\/\/jisoo.id.vn\/wp-content\/uploads\/2025\/11\/canh_cua_rau_mong_toi_muop_5395009158-530x530.webp 530w, https:\/\/jisoo.id.vn\/wp-content\/uploads\/2025\/11\/canh_cua_rau_mong_toi_muop_5395009158-500x500.webp 500w\" sizes=\"auto, (max-width: 150px) 100vw, 150px\" \/><\/div><a class=\"wp-block-latest-posts__post-title\" href=\"https:\/\/jisoo.id.vn\/index.php\/2025\/11\/28\/canh-cua-rau-day-mong-toi-kem-muop\/\">Canh cua rau \u0111ay m\u1ed3ng t\u01a1i (k\u00e8m m\u01b0\u1edbp)<\/a><time datetime=\"2025-11-28T15:26:09+00:00\" class=\"wp-block-latest-posts__post-date\">November 28, 2025<\/time><\/li>\n<li><div class=\"wp-block-latest-posts__featured-image aligncenter\"><img loading=\"lazy\" decoding=\"async\" width=\"150\" height=\"150\" src=\"https:\/\/jisoo.id.vn\/wp-content\/uploads\/2025\/11\/dau-cove-xao-thit-bam-ivivu-1-150x150.jpg\" class=\"attachment-thumbnail size-thumbnail wp-post-image\" alt=\"Th\u1ecbt b\u0103m x\u00e0o \u0111\u1eadu c\u00f4 ve\" style=\"max-width:160px;max-height:160px;\" \/><\/div><a class=\"wp-block-latest-posts__post-title\" href=\"https:\/\/jisoo.id.vn\/index.php\/2025\/11\/28\/thit-bam-xao-dau-co-ve\/\">Th\u1ecbt b\u0103m x\u00e0o \u0111\u1eadu c\u00f4 ve<\/a><time datetime=\"2025-11-28T15:22:35+00:00\" class=\"wp-block-latest-posts__post-date\">November 28, 2025<\/time><\/li>\n<li><div class=\"wp-block-latest-posts__featured-image aligncenter\"><img loading=\"lazy\" decoding=\"async\" width=\"150\" height=\"150\" src=\"https:\/\/jisoo.id.vn\/wp-content\/uploads\/2025\/11\/cach-lam-canh-kho-qua-nhoi-thit-ngon-ngot-thanh-mat-202208261435416318-150x150.jpg\" class=\"attachment-thumbnail size-thumbnail wp-post-image\" alt=\"Canh kh\u1ed5 qua nh\u1ed3i th\u1ecbt\" style=\"max-width:160px;max-height:160px;\" srcset=\"https:\/\/jisoo.id.vn\/wp-content\/uploads\/2025\/11\/cach-lam-canh-kho-qua-nhoi-thit-ngon-ngot-thanh-mat-202208261435416318-150x150.jpg 150w, https:\/\/jisoo.id.vn\/wp-content\/uploads\/2025\/11\/cach-lam-canh-kho-qua-nhoi-thit-ngon-ngot-thanh-mat-202208261435416318-500x500.jpg 500w\" sizes=\"auto, (max-width: 150px) 100vw, 150px\" \/><\/div><a class=\"wp-block-latest-posts__post-title\" href=\"https:\/\/jisoo.id.vn\/index.php\/2025\/11\/28\/canh-kho-qua-nhoi-thit\/\">Canh kh\u1ed5 qua nh\u1ed3i th\u1ecbt<\/a><time datetime=\"2025-11-28T15:21:00+00:00\" class=\"wp-block-latest-posts__post-date\">November 28, 2025<\/time><\/li>\n<li><div class=\"wp-block-latest-posts__featured-image aligncenter\"><img loading=\"lazy\" decoding=\"async\" width=\"150\" height=\"150\" src=\"https:\/\/jisoo.id.vn\/wp-content\/uploads\/2025\/11\/Cnckho5vnexpress-1747812917-3492-1747812924-150x150.jpg\" class=\"attachment-thumbnail size-thumbnail wp-post-image\" alt=\"C\u00e1 n\u1ee5c kho c\u00e0\" style=\"max-width:160px;max-height:160px;\" srcset=\"https:\/\/jisoo.id.vn\/wp-content\/uploads\/2025\/11\/Cnckho5vnexpress-1747812917-3492-1747812924-150x150.jpg 150w, https:\/\/jisoo.id.vn\/wp-content\/uploads\/2025\/11\/Cnckho5vnexpress-1747812917-3492-1747812924-530x530.jpg 530w, https:\/\/jisoo.id.vn\/wp-content\/uploads\/2025\/11\/Cnckho5vnexpress-1747812917-3492-1747812924-500x500.jpg 500w\" sizes=\"auto, (max-width: 150px) 100vw, 150px\" \/><\/div><a class=\"wp-block-latest-posts__post-title\" href=\"https:\/\/jisoo.id.vn\/index.php\/2025\/11\/28\/ca-nuc-kho-ca\/\">C\u00e1 n\u1ee5c kho c\u00e0<\/a><time datetime=\"2025-11-28T15:18:10+00:00\" class=\"wp-block-latest-posts__post-date\">November 28, 2025<\/time><\/li>\n<li><div class=\"wp-block-latest-posts__featured-image aligncenter\"><img loading=\"lazy\" decoding=\"async\" width=\"150\" height=\"150\" src=\"https:\/\/jisoo.id.vn\/wp-content\/uploads\/2025\/11\/thanh-pham-ba-chi-150x150.jpg\" class=\"attachment-thumbnail size-thumbnail wp-post-image\" alt=\"Th\u1ecbt ba ch\u1ec9 rang ch\u00e1y c\u1ea1nh\" style=\"max-width:160px;max-height:160px;\" \/><\/div><a class=\"wp-block-latest-posts__post-title\" href=\"https:\/\/jisoo.id.vn\/index.php\/2025\/11\/28\/thit-ba-chi-rang-chay-canh\/\">Th\u1ecbt ba ch\u1ec9 rang ch\u00e1y c\u1ea1nh<\/a><time datetime=\"2025-11-28T15:16:33+00:00\" class=\"wp-block-latest-posts__post-date\">November 28, 2025<\/time><\/li>\n<\/ul>","protected":false},"excerpt":{"rendered":"<p>Mang H\u01b0\u01a1ng V\u1ecb \u0110\u1ebfn T\u1eebng B\u1eefa \u0102n Chia s\u1ebb nh\u1eefng c\u00f4ng th\u1ee9c n\u1ea5u \u0103n \u0111\u01a1n gi\u1ea3n, ngon mi\u1ec7ng v\u00e0 \u0111\u1ea7y c\u1ea3m h\u1ee9ng \u0111\u1ec3 bi\u1ebfn m\u1ed7i b\u1eefa \u0103n th\u00e0nh ni\u1ec1m vui trong gia \u0111\u00ecnh. Ph\u1ed5 bi\u1ebfn<\/p>\n","protected":false},"author":1,"featured_media":0,"parent":0,"menu_order":0,"comment_status":"closed","ping_status":"closed","template":"","meta":{"_acf_changed":false,"footnotes":""},"class_list":["post-8","page","type-page","status-publish","hentry"],"acf":[],"yoast_head":"<!-- This site is optimized with the Yoast SEO plugin v26.4 - https:\/\/yoast.com\/wordpress\/plugins\/seo\/ -->\n<title>Home - Let Him cook<\/title>\n<meta name=\"robots\" content=\"index, follow, max-snippet:-1, max-image-preview:large, max-video-preview:-1\" \/>\n<link rel=\"canonical\" href=\"https:\/\/jisoo.id.vn\/\" \/>\n<meta property=\"og:locale\" content=\"en_US\" \/>\n<meta property=\"og:type\" content=\"article\" \/>\n<meta property=\"og:title\" content=\"Home - Let Him cook\" \/>\n<meta property=\"og:description\" content=\"Mang H\u01b0\u01a1ng V\u1ecb \u0110\u1ebfn T\u1eebng B\u1eefa \u0102n Chia s\u1ebb nh\u1eefng c\u00f4ng th\u1ee9c n\u1ea5u \u0103n \u0111\u01a1n gi\u1ea3n, ngon mi\u1ec7ng v\u00e0 \u0111\u1ea7y c\u1ea3m h\u1ee9ng \u0111\u1ec3 bi\u1ebfn m\u1ed7i b\u1eefa \u0103n th\u00e0nh ni\u1ec1m vui trong gia \u0111\u00ecnh. Ph\u1ed5 bi\u1ebfn\" \/>\n<meta property=\"og:url\" content=\"https:\/\/jisoo.id.vn\/\" \/>\n<meta property=\"og:site_name\" content=\"Let Him cook\" \/>\n<meta property=\"article:modified_time\" content=\"2025-11-29T03:11:35+00:00\" \/>\n<meta property=\"og:image\" content=\"https:\/\/jisoo.id.vn\/wp-content\/uploads\/2025\/11\/1000_F_191237458_VOZ5VQsiodjFQD2I6uoN3D6DRXHW5ptQ.jpg\" \/>\n<meta name=\"twitter:card\" content=\"summary_large_image\" \/>\n<meta name=\"twitter:label1\" content=\"Est. reading time\" \/>\n\t<meta name=\"twitter:data1\" content=\"1 minute\" \/>\n<script type=\"application\/ld+json\" class=\"yoast-schema-graph\">{\"@context\":\"https:\/\/schema.org\",\"@graph\":[{\"@type\":\"WebPage\",\"@id\":\"https:\/\/jisoo.id.vn\/\",\"url\":\"https:\/\/jisoo.id.vn\/\",\"name\":\"Home - Let Him cook\",\"isPartOf\":{\"@id\":\"https:\/\/jisoo.id.vn\/#website\"},\"primaryImageOfPage\":{\"@id\":\"https:\/\/jisoo.id.vn\/#primaryimage\"},\"image\":{\"@id\":\"https:\/\/jisoo.id.vn\/#primaryimage\"},\"thumbnailUrl\":\"https:\/\/jisoo.id.vn\/wp-content\/uploads\/2025\/11\/1000_F_191237458_VOZ5VQsiodjFQD2I6uoN3D6DRXHW5ptQ.jpg\",\"datePublished\":\"2025-11-27T12:00:03+00:00\",\"dateModified\":\"2025-11-29T03:11:35+00:00\",\"breadcrumb\":{\"@id\":\"https:\/\/jisoo.id.vn\/#breadcrumb\"},\"inLanguage\":\"en-US\",\"potentialAction\":[{\"@type\":\"ReadAction\",\"target\":[\"https:\/\/jisoo.id.vn\/\"]}]},{\"@type\":\"ImageObject\",\"inLanguage\":\"en-US\",\"@id\":\"https:\/\/jisoo.id.vn\/#primaryimage\",\"url\":\"https:\/\/jisoo.id.vn\/wp-content\/uploads\/2025\/11\/1000_F_191237458_VOZ5VQsiodjFQD2I6uoN3D6DRXHW5ptQ.jpg\",\"contentUrl\":\"https:\/\/jisoo.id.vn\/wp-content\/uploads\/2025\/11\/1000_F_191237458_VOZ5VQsiodjFQD2I6uoN3D6DRXHW5ptQ.jpg\",\"width\":1000,\"height\":707},{\"@type\":\"BreadcrumbList\",\"@id\":\"https:\/\/jisoo.id.vn\/#breadcrumb\",\"itemListElement\":[{\"@type\":\"ListItem\",\"position\":1,\"name\":\"Home\",\"item\":\"https:\/\/jisoo.id.vn\/\"},{\"@type\":\"ListItem\",\"position\":2,\"name\":\"Home\"}]},{\"@type\":\"WebSite\",\"@id\":\"https:\/\/jisoo.id.vn\/#website\",\"url\":\"https:\/\/jisoo.id.vn\/\",\"name\":\"Let Him cook\",\"description\":\"\",\"potentialAction\":[{\"@type\":\"SearchAction\",\"target\":{\"@type\":\"EntryPoint\",\"urlTemplate\":\"https:\/\/jisoo.id.vn\/?s={search_term_string}\"},\"query-input\":{\"@type\":\"PropertyValueSpecification\",\"valueRequired\":true,\"valueName\":\"search_term_string\"}}],\"inLanguage\":\"en-US\"}]}<\/script>\n<!-- \/ Yoast SEO plugin. -->","yoast_head_json":{"title":"Home - Let Him cook","robots":{"index":"index","follow":"follow","max-snippet":"max-snippet:-1","max-image-preview":"max-image-preview:large","max-video-preview":"max-video-preview:-1"},"canonical":"https:\/\/jisoo.id.vn\/","og_locale":"en_US","og_type":"article","og_title":"Home - Let Him cook","og_description":"Mang H\u01b0\u01a1ng V\u1ecb \u0110\u1ebfn T\u1eebng B\u1eefa \u0102n Chia s\u1ebb nh\u1eefng c\u00f4ng th\u1ee9c n\u1ea5u \u0103n \u0111\u01a1n gi\u1ea3n, ngon mi\u1ec7ng v\u00e0 \u0111\u1ea7y c\u1ea3m h\u1ee9ng \u0111\u1ec3 bi\u1ebfn m\u1ed7i b\u1eefa \u0103n th\u00e0nh ni\u1ec1m vui trong gia \u0111\u00ecnh. Ph\u1ed5 bi\u1ebfn","og_url":"https:\/\/jisoo.id.vn\/","og_site_name":"Let Him cook","article_modified_time":"2025-11-29T03:11:35+00:00","og_image":[{"url":"https:\/\/jisoo.id.vn\/wp-content\/uploads\/2025\/11\/1000_F_191237458_VOZ5VQsiodjFQD2I6uoN3D6DRXHW5ptQ.jpg","type":"","width":"","height":""}],"twitter_card":"summary_large_image","twitter_misc":{"Est. reading time":"1 minute"},"schema":{"@context":"https:\/\/schema.org","@graph":[{"@type":"WebPage","@id":"https:\/\/jisoo.id.vn\/","url":"https:\/\/jisoo.id.vn\/","name":"Home - Let Him cook","isPartOf":{"@id":"https:\/\/jisoo.id.vn\/#website"},"primaryImageOfPage":{"@id":"https:\/\/jisoo.id.vn\/#primaryimage"},"image":{"@id":"https:\/\/jisoo.id.vn\/#primaryimage"},"thumbnailUrl":"https:\/\/jisoo.id.vn\/wp-content\/uploads\/2025\/11\/1000_F_191237458_VOZ5VQsiodjFQD2I6uoN3D6DRXHW5ptQ.jpg","datePublished":"2025-11-27T12:00:03+00:00","dateModified":"2025-11-29T03:11:35+00:00","breadcrumb":{"@id":"https:\/\/jisoo.id.vn\/#breadcrumb"},"inLanguage":"en-US","potentialAction":[{"@type":"ReadAction","target":["https:\/\/jisoo.id.vn\/"]}]},{"@type":"ImageObject","inLanguage":"en-US","@id":"https:\/\/jisoo.id.vn\/#primaryimage","url":"https:\/\/jisoo.id.vn\/wp-content\/uploads\/2025\/11\/1000_F_191237458_VOZ5VQsiodjFQD2I6uoN3D6DRXHW5ptQ.jpg","contentUrl":"https:\/\/jisoo.id.vn\/wp-content\/uploads\/2025\/11\/1000_F_191237458_VOZ5VQsiodjFQD2I6uoN3D6DRXHW5ptQ.jpg","width":1000,"height":707},{"@type":"BreadcrumbList","@id":"https:\/\/jisoo.id.vn\/#breadcrumb","itemListElement":[{"@type":"ListItem","position":1,"name":"Home","item":"https:\/\/jisoo.id.vn\/"},{"@type":"ListItem","position":2,"name":"Home"}]},{"@type":"WebSite","@id":"https:\/\/jisoo.id.vn\/#website","url":"https:\/\/jisoo.id.vn\/","name":"Let Him cook","description":"","potentialAction":[{"@type":"SearchAction","target":{"@type":"EntryPoint","urlTemplate":"https:\/\/jisoo.id.vn\/?s={search_term_string}"},"query-input":{"@type":"PropertyValueSpecification","valueRequired":true,"valueName":"search_term_string"}}],"inLanguage":"en-US"}]}},"_links":{"self":[{"href":"https:\/\/jisoo.id.vn\/index.php\/wp-json\/wp\/v2\/pages\/8","targetHints":{"allow":["GET"]}}],"collection":[{"href":"https:\/\/jisoo.id.vn\/index.php\/wp-json\/wp\/v2\/pages"}],"about":[{"href":"https:\/\/jisoo.id.vn\/index.php\/wp-json\/wp\/v2\/types\/page"}],"author":[{"embeddable":true,"href":"https:\/\/jisoo.id.vn\/index.php\/wp-json\/wp\/v2\/users\/1"}],"replies":[{"embeddable":true,"href":"https:\/\/jisoo.id.vn\/index.php\/wp-json\/wp\/v2\/comments?post=8"}],"version-history":[{"count":30,"href":"https:\/\/jisoo.id.vn\/index.php\/wp-json\/wp\/v2\/pages\/8\/revisions"}],"predecessor-version":[{"id":357,"href":"https:\/\/jisoo.id.vn\/index.php\/wp-json\/wp\/v2\/pages\/8\/revisions\/357"}],"wp:attachment":[{"href":"https:\/\/jisoo.id.vn\/index.php\/wp-json\/wp\/v2\/media?parent=8"}],"curies":[{"name":"wp","href":"https:\/\/api.w.org\/{rel}","templated":true}]}}